{"id":71,"date":"2026-03-04T12:28:09","date_gmt":"2026-03-04T12:28:09","guid":{"rendered":"https:\/\/msaric.mojweb.com.hr\/?page_id=71"},"modified":"2026-03-30T04:59:06","modified_gmt":"2026-03-30T04:59:06","slug":"baby-op-art","status":"publish","type":"page","link":"https:\/\/msaric.mojweb.com.hr\/?page_id=71","title":{"rendered":"Baby op art"},"content":{"rendered":"\n<figure class=\"wp-block-image size-full is-resized\"><a href=\"https:\/\/www.instagram.com\/babyopart\/\" target=\"_blank\" rel=\" noreferrer noopener\"><img fetchpriority=\"high\" decoding=\"async\" width=\"295\" height=\"287\" src=\"https:\/\/msaric.mojweb.com.hr\/wp-content\/uploads\/2026\/03\/bop-art-logo-ruka-copy.png\" alt=\"\" class=\"wp-image-83\" style=\"aspect-ratio:1.0291686766361152;width:93px;height:auto\"\/><\/a><\/figure>\n\n\n\n<p><a href=\"https:\/\/msaric.mojweb.com.hr\/wp-admin\/edit.php?post_type=page\"><\/a><\/p>\n\n\n\n<div style=\"height:var(--wp--preset--spacing--50)\" aria-hidden=\"true\" class=\"wp-block-spacer\"><\/div>\n\n\n\n<div class=\"wp-block-group is-nowrap is-layout-flex wp-container-core-group-is-layout-6c531013 wp-block-group-is-layout-flex\">\n<div class=\"wp-block-group has-global-padding is-layout-constrained wp-block-group-is-layout-constrained\">\n<div class=\"wp-block-group alignwide is-vertical is-layout-flex wp-container-core-group-is-layout-fe9cc265 wp-block-group-is-layout-flex\">\n<h1 class=\"wp-block-heading alignwide has-xx-large-font-size\" style=\"line-height:1.2\">Baby op art je aktivni poticaj vizualnog razvoja i odgoja va\u0161e bebe. &nbsp;<\/h1>\n\n\n\n<p class=\"has-text-align-left has-contrast-2-color has-text-color has-link-color has-large-font-size wp-elements-362aef94518a012d5a71e170ae76ad77\">Roditelji \u010desto ure\u0111uju bebin prostor neutralnim ili pastelnim bojama kako bi izgledao skladno i opu\u0161taju\u0107e za bebu. Me\u0111utim, u ranoj fazi razvoja vida beba najbolje vidi samo kontraste crno-bijelo, a uskoro jarke boje poput crvene, a potom \u017eute i naran\u010daste.<\/p>\n\n\n\n<p>Osim vizualnog podra\u017eaja Baby op art vam mo\u017ee pomo\u0107i da na\u0111ete inspiraciju za pri\u010du. Promatrajte zajedno i pri\u010dajte \u0161to vidite. Vizualni i slu\u0161ni podra\u017eaj povoljno \u0107e utjecati i na razvoj bebinog govora i kreirati tople trenutke u kojima se razvija me\u0111usobna emocionalna povezanost izme\u0111u vas i va\u0161e bebe. &nbsp;<\/p>\n\n\n\n<p class=\"has-large-font-size wp-container-content-9cfa9a5a\">Zapo\u010dnite va\u0161u pri\u010du s Baby op art!<\/p>\n\n\n\n<p>Kontaktiraj me! <\/p>\n\n\n\n<ul class=\"wp-block-social-links is-layout-flex wp-block-social-links-is-layout-flex\"><li class=\"wp-social-link wp-social-link-facebook  wp-block-social-link\"><a href=\"https:\/\/www.facebook.com\/profile.php?id=61587732685698\" class=\"wp-block-social-link-anchor\"><svg width=\"24\" height=\"24\" viewBox=\"0 0 24 24\" version=\"1.1\" xmlns=\"http:\/\/www.w3.org\/2000\/svg\" aria-hidden=\"true\" focusable=\"false\"><path d=\"M12 2C6.5 2 2 6.5 2 12c0 5 3.7 9.1 8.4 9.9v-7H7.9V12h2.5V9.8c0-2.5 1.5-3.9 3.8-3.9 1.1 0 2.2.2 2.2.2v2.5h-1.3c-1.2 0-1.6.8-1.6 1.6V12h2.8l-.4 2.9h-2.3v7C18.3 21.1 22 17 22 12c0-5.5-4.5-10-10-10z\"><\/path><\/svg><span class=\"wp-block-social-link-label screen-reader-text\">Facebook<\/span><\/a><\/li>\n\n<li class=\"wp-social-link wp-social-link-instagram  wp-block-social-link\"><a href=\"https:\/\/www.instagram.com\/babyopart\/\" class=\"wp-block-social-link-anchor\"><svg width=\"24\" height=\"24\" viewBox=\"0 0 24 24\" version=\"1.1\" xmlns=\"http:\/\/www.w3.org\/2000\/svg\" aria-hidden=\"true\" focusable=\"false\"><path d=\"M12,4.622c2.403,0,2.688,0.009,3.637,0.052c0.877,0.04,1.354,0.187,1.671,0.31c0.42,0.163,0.72,0.358,1.035,0.673 c0.315,0.315,0.51,0.615,0.673,1.035c0.123,0.317,0.27,0.794,0.31,1.671c0.043,0.949,0.052,1.234,0.052,3.637 s-0.009,2.688-0.052,3.637c-0.04,0.877-0.187,1.354-0.31,1.671c-0.163,0.42-0.358,0.72-0.673,1.035 c-0.315,0.315-0.615,0.51-1.035,0.673c-0.317,0.123-0.794,0.27-1.671,0.31c-0.949,0.043-1.233,0.052-3.637,0.052 s-2.688-0.009-3.637-0.052c-0.877-0.04-1.354-0.187-1.671-0.31c-0.42-0.163-0.72-0.358-1.035-0.673 c-0.315-0.315-0.51-0.615-0.673-1.035c-0.123-0.317-0.27-0.794-0.31-1.671C4.631,14.688,4.622,14.403,4.622,12 s0.009-2.688,0.052-3.637c0.04-0.877,0.187-1.354,0.31-1.671c0.163-0.42,0.358-0.72,0.673-1.035 c0.315-0.315,0.615-0.51,1.035-0.673c0.317-0.123,0.794-0.27,1.671-0.31C9.312,4.631,9.597,4.622,12,4.622 M12,3 C9.556,3,9.249,3.01,8.289,3.054C7.331,3.098,6.677,3.25,6.105,3.472C5.513,3.702,5.011,4.01,4.511,4.511 c-0.5,0.5-0.808,1.002-1.038,1.594C3.25,6.677,3.098,7.331,3.054,8.289C3.01,9.249,3,9.556,3,12c0,2.444,0.01,2.751,0.054,3.711 c0.044,0.958,0.196,1.612,0.418,2.185c0.23,0.592,0.538,1.094,1.038,1.594c0.5,0.5,1.002,0.808,1.594,1.038 c0.572,0.222,1.227,0.375,2.185,0.418C9.249,20.99,9.556,21,12,21s2.751-0.01,3.711-0.054c0.958-0.044,1.612-0.196,2.185-0.418 c0.592-0.23,1.094-0.538,1.594-1.038c0.5-0.5,0.808-1.002,1.038-1.594c0.222-0.572,0.375-1.227,0.418-2.185 C20.99,14.751,21,14.444,21,12s-0.01-2.751-0.054-3.711c-0.044-0.958-0.196-1.612-0.418-2.185c-0.23-0.592-0.538-1.094-1.038-1.594 c-0.5-0.5-1.002-0.808-1.594-1.038c-0.572-0.222-1.227-0.375-2.185-0.418C14.751,3.01,14.444,3,12,3L12,3z M12,7.378 c-2.552,0-4.622,2.069-4.622,4.622S9.448,16.622,12,16.622s4.622-2.069,4.622-4.622S14.552,7.378,12,7.378z M12,15 c-1.657,0-3-1.343-3-3s1.343-3,3-3s3,1.343,3,3S13.657,15,12,15z M16.804,6.116c-0.596,0-1.08,0.484-1.08,1.08 s0.484,1.08,1.08,1.08c0.596,0,1.08-0.484,1.08-1.08S17.401,6.116,16.804,6.116z\"><\/path><\/svg><span class=\"wp-block-social-link-label screen-reader-text\">Instagram<\/span><\/a><\/li>\n\n<li class=\"wp-social-link wp-social-link-whatsapp  wp-block-social-link\"><a href=\"https:\/\/+385915223696\" class=\"wp-block-social-link-anchor\"><svg width=\"24\" height=\"24\" viewBox=\"0 0 24 24\" version=\"1.1\" xmlns=\"http:\/\/www.w3.org\/2000\/svg\" aria-hidden=\"true\" focusable=\"false\"><path d=\"M 12.011719 2 C 6.5057187 2 2.0234844 6.478375 2.0214844 11.984375 C 2.0204844 13.744375 2.4814687 15.462563 3.3554688 16.976562 L 2 22 L 7.2324219 20.763672 C 8.6914219 21.559672 10.333859 21.977516 12.005859 21.978516 L 12.009766 21.978516 C 17.514766 21.978516 21.995047 17.499141 21.998047 11.994141 C 22.000047 9.3251406 20.962172 6.8157344 19.076172 4.9277344 C 17.190172 3.0407344 14.683719 2.001 12.011719 2 z M 12.009766 4 C 14.145766 4.001 16.153109 4.8337969 17.662109 6.3417969 C 19.171109 7.8517969 20.000047 9.8581875 19.998047 11.992188 C 19.996047 16.396187 16.413812 19.978516 12.007812 19.978516 C 10.674812 19.977516 9.3544062 19.642812 8.1914062 19.007812 L 7.5175781 18.640625 L 6.7734375 18.816406 L 4.8046875 19.28125 L 5.2851562 17.496094 L 5.5019531 16.695312 L 5.0878906 15.976562 C 4.3898906 14.768562 4.0204844 13.387375 4.0214844 11.984375 C 4.0234844 7.582375 7.6067656 4 12.009766 4 z M 8.4765625 7.375 C 8.3095625 7.375 8.0395469 7.4375 7.8105469 7.6875 C 7.5815469 7.9365 6.9355469 8.5395781 6.9355469 9.7675781 C 6.9355469 10.995578 7.8300781 12.182609 7.9550781 12.349609 C 8.0790781 12.515609 9.68175 15.115234 12.21875 16.115234 C 14.32675 16.946234 14.754891 16.782234 15.212891 16.740234 C 15.670891 16.699234 16.690438 16.137687 16.898438 15.554688 C 17.106437 14.971687 17.106922 14.470187 17.044922 14.367188 C 16.982922 14.263188 16.816406 14.201172 16.566406 14.076172 C 16.317406 13.951172 15.090328 13.348625 14.861328 13.265625 C 14.632328 13.182625 14.464828 13.140625 14.298828 13.390625 C 14.132828 13.640625 13.655766 14.201187 13.509766 14.367188 C 13.363766 14.534188 13.21875 14.556641 12.96875 14.431641 C 12.71875 14.305641 11.914938 14.041406 10.960938 13.191406 C 10.218937 12.530406 9.7182656 11.714844 9.5722656 11.464844 C 9.4272656 11.215844 9.5585938 11.079078 9.6835938 10.955078 C 9.7955938 10.843078 9.9316406 10.663578 10.056641 10.517578 C 10.180641 10.371578 10.223641 10.267562 10.306641 10.101562 C 10.389641 9.9355625 10.347156 9.7890625 10.285156 9.6640625 C 10.223156 9.5390625 9.737625 8.3065 9.515625 7.8125 C 9.328625 7.3975 9.131125 7.3878594 8.953125 7.3808594 C 8.808125 7.3748594 8.6425625 7.375 8.4765625 7.375 z\"><\/path><\/svg><span class=\"wp-block-social-link-label screen-reader-text\">WhatsApp<\/span><\/a><\/li><\/ul>\n<\/div>\n<\/div>\n<\/div>\n\n\n\n<div class=\"wp-block-group alignfull has-global-padding is-layout-constrained wp-container-core-group-is-layout-b25ccd55 wp-block-group-is-layout-constrained\" style=\"margin-top:0;margin-bottom:0;padding-top:var(--wp--preset--spacing--50);padding-right:var(--wp--preset--spacing--50);padding-bottom:var(--wp--preset--spacing--50);padding-left:var(--wp--preset--spacing--50)\">\n<div class=\"wp-block-columns alignwide is-layout-flex wp-container-core-columns-is-layout-ff4b9c61 wp-block-columns-is-layout-flex\" style=\"margin-top:0;margin-bottom:0\">\n<div class=\"wp-block-column is-layout-flow wp-container-core-column-is-layout-8a368f38 wp-block-column-is-layout-flow\">\n<figure class=\"wp-block-image size-large is-style-rounded is-style-rounded--1\"><img decoding=\"async\" width=\"724\" height=\"1024\" src=\"https:\/\/msaric.mojweb.com.hr\/wp-content\/uploads\/2026\/03\/brodic-724x1024.jpg\" alt=\"\" class=\"wp-image-84\" srcset=\"https:\/\/msaric.mojweb.com.hr\/wp-content\/uploads\/2026\/03\/brodic-724x1024.jpg 724w, https:\/\/msaric.mojweb.com.hr\/wp-content\/uploads\/2026\/03\/brodic-212x300.jpg 212w, https:\/\/msaric.mojweb.com.hr\/wp-content\/uploads\/2026\/03\/brodic-768x1086.jpg 768w, https:\/\/msaric.mojweb.com.hr\/wp-content\/uploads\/2026\/03\/brodic-1087x1536.jpg 1087w, https:\/\/msaric.mojweb.com.hr\/wp-content\/uploads\/2026\/03\/brodic.jpg 1170w\" sizes=\"(max-width: 724px) 100vw, 724px\" \/><\/figure>\n\n\n\n<div style=\"height:var(--wp--preset--spacing--50)\" aria-hidden=\"true\" class=\"wp-block-spacer\"><\/div>\n\n\n\n\n\n<div style=\"height:var(--wp--preset--spacing--50)\" aria-hidden=\"true\" class=\"wp-block-spacer\"><\/div>\n\n\n<\/div>\n\n\n\n<div class=\"wp-block-column is-layout-flow wp-container-core-column-is-layout-8a368f38 wp-block-column-is-layout-flow\">\n<div style=\"height:var(--wp--preset--spacing--50)\" aria-hidden=\"true\" class=\"wp-block-spacer\"><\/div>\n\n\n\n<figure class=\"wp-block-image size-large is-style-rounded is-style-rounded--4\"><img decoding=\"async\" width=\"1024\" height=\"724\" src=\"https:\/\/msaric.mojweb.com.hr\/wp-content\/uploads\/2026\/03\/Gepardic-1024x724.jpg\" alt=\"\" class=\"wp-image-85\" srcset=\"https:\/\/msaric.mojweb.com.hr\/wp-content\/uploads\/2026\/03\/Gepardic-1024x724.jpg 1024w, https:\/\/msaric.mojweb.com.hr\/wp-content\/uploads\/2026\/03\/Gepardic-300x212.jpg 300w, https:\/\/msaric.mojweb.com.hr\/wp-content\/uploads\/2026\/03\/Gepardic-768x543.jpg 768w, https:\/\/msaric.mojweb.com.hr\/wp-content\/uploads\/2026\/03\/Gepardic-1536x1086.jpg 1536w, https:\/\/msaric.mojweb.com.hr\/wp-content\/uploads\/2026\/03\/Gepardic-2048x1448.jpg 2048w\" sizes=\"(max-width: 1024px) 100vw, 1024px\" \/><\/figure>\n\n\n\n<div style=\"height:var(--wp--preset--spacing--50)\" aria-hidden=\"true\" class=\"wp-block-spacer\"><\/div>\n\n\n\n\n\n<div style=\"height:var(--wp--preset--spacing--50)\" aria-hidden=\"true\" class=\"wp-block-spacer\"><\/div>\n\n\n<\/div>\n\n\n\n<div class=\"wp-block-column is-layout-flow wp-container-core-column-is-layout-8a368f38 wp-block-column-is-layout-flow\">\n<figure class=\"wp-block-image size-large is-style-rounded is-style-rounded--7\"><img loading=\"lazy\" decoding=\"async\" width=\"787\" height=\"1024\" src=\"https:\/\/msaric.mojweb.com.hr\/wp-content\/uploads\/2026\/03\/Leptiric-787x1024.png\" alt=\"\" class=\"wp-image-86\" srcset=\"https:\/\/msaric.mojweb.com.hr\/wp-content\/uploads\/2026\/03\/Leptiric-787x1024.png 787w, https:\/\/msaric.mojweb.com.hr\/wp-content\/uploads\/2026\/03\/Leptiric-231x300.png 231w, https:\/\/msaric.mojweb.com.hr\/wp-content\/uploads\/2026\/03\/Leptiric-768x999.png 768w, https:\/\/msaric.mojweb.com.hr\/wp-content\/uploads\/2026\/03\/Leptiric-1181x1536.png 1181w, https:\/\/msaric.mojweb.com.hr\/wp-content\/uploads\/2026\/03\/Leptiric-1574x2048.png 1574w, https:\/\/msaric.mojweb.com.hr\/wp-content\/uploads\/2026\/03\/Leptiric-scaled.png 1968w\" sizes=\"(max-width: 787px) 100vw, 787px\" \/><\/figure>\n\n\n\n<div style=\"height:var(--wp--preset--spacing--50)\" aria-hidden=\"true\" class=\"wp-block-spacer\"><\/div>\n\n\n\n\n\n<div style=\"height:var(--wp--preset--spacing--50)\" aria-hidden=\"true\" class=\"wp-block-spacer\"><\/div>\n\n\n<\/div>\n\n\n\n<div class=\"wp-block-column is-layout-flow wp-container-core-column-is-layout-8a368f38 wp-block-column-is-layout-flow\">\n<div style=\"height:var(--wp--preset--spacing--50)\" aria-hidden=\"true\" class=\"wp-block-spacer\"><\/div>\n\n\n\n<figure class=\"wp-block-image size-large is-style-rounded is-style-rounded--10\"><img loading=\"lazy\" decoding=\"async\" width=\"1024\" height=\"729\" src=\"https:\/\/msaric.mojweb.com.hr\/wp-content\/uploads\/2026\/03\/Luda-koka-1024x729.png\" alt=\"\" class=\"wp-image-87\" srcset=\"https:\/\/msaric.mojweb.com.hr\/wp-content\/uploads\/2026\/03\/Luda-koka-1024x729.png 1024w, https:\/\/msaric.mojweb.com.hr\/wp-content\/uploads\/2026\/03\/Luda-koka-300x214.png 300w, https:\/\/msaric.mojweb.com.hr\/wp-content\/uploads\/2026\/03\/Luda-koka-768x547.png 768w, https:\/\/msaric.mojweb.com.hr\/wp-content\/uploads\/2026\/03\/Luda-koka-1536x1094.png 1536w, https:\/\/msaric.mojweb.com.hr\/wp-content\/uploads\/2026\/03\/Luda-koka-2048x1458.png 2048w\" sizes=\"(max-width: 1024px) 100vw, 1024px\" \/><\/figure>\n\n\n\n<div style=\"height:var(--wp--preset--spacing--50)\" aria-hidden=\"true\" class=\"wp-block-spacer\"><\/div>\n\n\n\n\n\n<div style=\"height:var(--wp--preset--spacing--50)\" aria-hidden=\"true\" class=\"wp-block-spacer\"><\/div>\n\n\n<\/div>\n<\/div>\n<\/div>\n\n\n\n\n\n<p><\/p>\n","protected":false},"excerpt":{"rendered":"<p>Baby op art je aktivni poticaj vizualnog razvoja i odgoja va\u0161e bebe. &nbsp; Roditelji \u010desto ure\u0111uju bebin prostor neutralnim ili pastelnim bojama kako bi izgledao skladno i opu\u0161taju\u0107e za bebu. Me\u0111utim, u ranoj fazi razvoja vida beba najbolje vidi samo kontraste crno-bijelo, a uskoro jarke boje poput crvene, a potom \u017eute i naran\u010daste. Osim vizualnog [&hellip;]<\/p>\n","protected":false},"author":1,"featured_media":0,"parent":0,"menu_order":0,"comment_status":"closed","ping_status":"closed","template":"","meta":{"footnotes":""},"class_list":["post-71","page","type-page","status-publish","hentry"],"yoast_head":"<!-- This site is optimized with the Yoast SEO plugin v27.0 - https:\/\/yoast.com\/product\/yoast-seo-wordpress\/ -->\n<title>Baby op art - be smART with ART<\/title>\n<meta name=\"description\" content=\"Istra\u017ei va\u017enost vizualnih poticaja za rani razvoj djeteta. Otkrij kako boje utje\u010du na razvoj bebinog vida i o\u0107i intelektualni razvoj.\" \/>\n<meta name=\"robots\" content=\"index, follow, max-snippet:-1, max-image-preview:large, max-video-preview:-1\" \/>\n<link rel=\"canonical\" href=\"https:\/\/msaric.mojweb.com.hr\/?page_id=71\" \/>\n<meta property=\"og:locale\" content=\"en_US\" \/>\n<meta property=\"og:type\" content=\"article\" \/>\n<meta property=\"og:title\" content=\"Baby op art - be smART with ART\" \/>\n<meta property=\"og:description\" content=\"Istra\u017ei va\u017enost vizualnih poticaja za rani razvoj djeteta. Otkrij kako boje utje\u010du na razvoj bebinog vida i o\u0107i intelektualni razvoj.\" \/>\n<meta property=\"og:url\" content=\"https:\/\/msaric.mojweb.com.hr\/?page_id=71\" \/>\n<meta property=\"og:site_name\" content=\"be smART with ART\" \/>\n<meta property=\"article:modified_time\" content=\"2026-03-30T04:59:06+00:00\" \/>\n<meta property=\"og:image\" content=\"https:\/\/msaric.mojweb.com.hr\/wp-content\/uploads\/2026\/03\/bop-art-logo-ruka-copy.png\" \/>\n\t<meta property=\"og:image:width\" content=\"295\" \/>\n\t<meta property=\"og:image:height\" content=\"287\" \/>\n\t<meta property=\"og:image:type\" content=\"image\/png\" \/>\n<meta name=\"twitter:card\" content=\"summary_large_image\" \/>\n<meta name=\"twitter:label1\" content=\"Est. reading time\" \/>\n\t<meta name=\"twitter:data1\" content=\"4 minutes\" \/>\n<script type=\"application\/ld+json\" class=\"yoast-schema-graph\">{\"@context\":\"https:\/\/schema.org\",\"@graph\":[{\"@type\":\"WebPage\",\"@id\":\"https:\/\/msaric.mojweb.com.hr\/?page_id=71\",\"url\":\"https:\/\/msaric.mojweb.com.hr\/?page_id=71\",\"name\":\"Baby op art - be smART with ART\",\"isPartOf\":{\"@id\":\"https:\/\/msaric.mojweb.com.hr\/#website\"},\"primaryImageOfPage\":{\"@id\":\"https:\/\/msaric.mojweb.com.hr\/?page_id=71#primaryimage\"},\"image\":{\"@id\":\"https:\/\/msaric.mojweb.com.hr\/?page_id=71#primaryimage\"},\"thumbnailUrl\":\"https:\/\/msaric.mojweb.com.hr\/wp-content\/uploads\/2026\/03\/bop-art-logo-ruka-copy.png\",\"datePublished\":\"2026-03-04T12:28:09+00:00\",\"dateModified\":\"2026-03-30T04:59:06+00:00\",\"description\":\"Istra\u017ei va\u017enost vizualnih poticaja za rani razvoj djeteta. Otkrij kako boje utje\u010du na razvoj bebinog vida i o\u0107i intelektualni razvoj.\",\"breadcrumb\":{\"@id\":\"https:\/\/msaric.mojweb.com.hr\/?page_id=71#breadcrumb\"},\"inLanguage\":\"en-US\",\"potentialAction\":[{\"@type\":\"ReadAction\",\"target\":[\"https:\/\/msaric.mojweb.com.hr\/?page_id=71\"]}]},{\"@type\":\"ImageObject\",\"inLanguage\":\"en-US\",\"@id\":\"https:\/\/msaric.mojweb.com.hr\/?page_id=71#primaryimage\",\"url\":\"https:\/\/msaric.mojweb.com.hr\/wp-content\/uploads\/2026\/03\/bop-art-logo-ruka-copy.png\",\"contentUrl\":\"https:\/\/msaric.mojweb.com.hr\/wp-content\/uploads\/2026\/03\/bop-art-logo-ruka-copy.png\",\"width\":295,\"height\":287},{\"@type\":\"BreadcrumbList\",\"@id\":\"https:\/\/msaric.mojweb.com.hr\/?page_id=71#breadcrumb\",\"itemListElement\":[{\"@type\":\"ListItem\",\"position\":1,\"name\":\"Home\",\"item\":\"https:\/\/msaric.mojweb.com.hr\/\"},{\"@type\":\"ListItem\",\"position\":2,\"name\":\"Baby op art\"}]},{\"@type\":\"WebSite\",\"@id\":\"https:\/\/msaric.mojweb.com.hr\/#website\",\"url\":\"https:\/\/msaric.mojweb.com.hr\/\",\"name\":\"be smART with ART\",\"description\":\"\",\"publisher\":{\"@id\":\"https:\/\/msaric.mojweb.com.hr\/#organization\"},\"potentialAction\":[{\"@type\":\"SearchAction\",\"target\":{\"@type\":\"EntryPoint\",\"urlTemplate\":\"https:\/\/msaric.mojweb.com.hr\/?s={search_term_string}\"},\"query-input\":{\"@type\":\"PropertyValueSpecification\",\"valueRequired\":true,\"valueName\":\"search_term_string\"}}],\"inLanguage\":\"en-US\"},{\"@type\":\"Organization\",\"@id\":\"https:\/\/msaric.mojweb.com.hr\/#organization\",\"name\":\"be smART with ART\",\"url\":\"https:\/\/msaric.mojweb.com.hr\/\",\"logo\":{\"@type\":\"ImageObject\",\"inLanguage\":\"en-US\",\"@id\":\"https:\/\/msaric.mojweb.com.hr\/#\/schema\/logo\/image\/\",\"url\":\"https:\/\/msaric.mojweb.com.hr\/wp-content\/uploads\/2026\/02\/pcelica-copy-1.png\",\"contentUrl\":\"https:\/\/msaric.mojweb.com.hr\/wp-content\/uploads\/2026\/02\/pcelica-copy-1.png\",\"width\":864,\"height\":1120,\"caption\":\"be smART with ART\"},\"image\":{\"@id\":\"https:\/\/msaric.mojweb.com.hr\/#\/schema\/logo\/image\/\"}}]}<\/script>\n<!-- \/ Yoast SEO plugin. -->","yoast_head_json":{"title":"Baby op art - be smART with ART","description":"Istra\u017ei va\u017enost vizualnih poticaja za rani razvoj djeteta. Otkrij kako boje utje\u010du na razvoj bebinog vida i o\u0107i intelektualni razvoj.","robots":{"index":"index","follow":"follow","max-snippet":"max-snippet:-1","max-image-preview":"max-image-preview:large","max-video-preview":"max-video-preview:-1"},"canonical":"https:\/\/msaric.mojweb.com.hr\/?page_id=71","og_locale":"en_US","og_type":"article","og_title":"Baby op art - be smART with ART","og_description":"Istra\u017ei va\u017enost vizualnih poticaja za rani razvoj djeteta. Otkrij kako boje utje\u010du na razvoj bebinog vida i o\u0107i intelektualni razvoj.","og_url":"https:\/\/msaric.mojweb.com.hr\/?page_id=71","og_site_name":"be smART with ART","article_modified_time":"2026-03-30T04:59:06+00:00","og_image":[{"width":295,"height":287,"url":"https:\/\/msaric.mojweb.com.hr\/wp-content\/uploads\/2026\/03\/bop-art-logo-ruka-copy.png","type":"image\/png"}],"twitter_card":"summary_large_image","twitter_misc":{"Est. reading time":"4 minutes"},"schema":{"@context":"https:\/\/schema.org","@graph":[{"@type":"WebPage","@id":"https:\/\/msaric.mojweb.com.hr\/?page_id=71","url":"https:\/\/msaric.mojweb.com.hr\/?page_id=71","name":"Baby op art - be smART with ART","isPartOf":{"@id":"https:\/\/msaric.mojweb.com.hr\/#website"},"primaryImageOfPage":{"@id":"https:\/\/msaric.mojweb.com.hr\/?page_id=71#primaryimage"},"image":{"@id":"https:\/\/msaric.mojweb.com.hr\/?page_id=71#primaryimage"},"thumbnailUrl":"https:\/\/msaric.mojweb.com.hr\/wp-content\/uploads\/2026\/03\/bop-art-logo-ruka-copy.png","datePublished":"2026-03-04T12:28:09+00:00","dateModified":"2026-03-30T04:59:06+00:00","description":"Istra\u017ei va\u017enost vizualnih poticaja za rani razvoj djeteta. Otkrij kako boje utje\u010du na razvoj bebinog vida i o\u0107i intelektualni razvoj.","breadcrumb":{"@id":"https:\/\/msaric.mojweb.com.hr\/?page_id=71#breadcrumb"},"inLanguage":"en-US","potentialAction":[{"@type":"ReadAction","target":["https:\/\/msaric.mojweb.com.hr\/?page_id=71"]}]},{"@type":"ImageObject","inLanguage":"en-US","@id":"https:\/\/msaric.mojweb.com.hr\/?page_id=71#primaryimage","url":"https:\/\/msaric.mojweb.com.hr\/wp-content\/uploads\/2026\/03\/bop-art-logo-ruka-copy.png","contentUrl":"https:\/\/msaric.mojweb.com.hr\/wp-content\/uploads\/2026\/03\/bop-art-logo-ruka-copy.png","width":295,"height":287},{"@type":"BreadcrumbList","@id":"https:\/\/msaric.mojweb.com.hr\/?page_id=71#breadcrumb","itemListElement":[{"@type":"ListItem","position":1,"name":"Home","item":"https:\/\/msaric.mojweb.com.hr\/"},{"@type":"ListItem","position":2,"name":"Baby op art"}]},{"@type":"WebSite","@id":"https:\/\/msaric.mojweb.com.hr\/#website","url":"https:\/\/msaric.mojweb.com.hr\/","name":"be smART with ART","description":"","publisher":{"@id":"https:\/\/msaric.mojweb.com.hr\/#organization"},"potentialAction":[{"@type":"SearchAction","target":{"@type":"EntryPoint","urlTemplate":"https:\/\/msaric.mojweb.com.hr\/?s={search_term_string}"},"query-input":{"@type":"PropertyValueSpecification","valueRequired":true,"valueName":"search_term_string"}}],"inLanguage":"en-US"},{"@type":"Organization","@id":"https:\/\/msaric.mojweb.com.hr\/#organization","name":"be smART with ART","url":"https:\/\/msaric.mojweb.com.hr\/","logo":{"@type":"ImageObject","inLanguage":"en-US","@id":"https:\/\/msaric.mojweb.com.hr\/#\/schema\/logo\/image\/","url":"https:\/\/msaric.mojweb.com.hr\/wp-content\/uploads\/2026\/02\/pcelica-copy-1.png","contentUrl":"https:\/\/msaric.mojweb.com.hr\/wp-content\/uploads\/2026\/02\/pcelica-copy-1.png","width":864,"height":1120,"caption":"be smART with ART"},"image":{"@id":"https:\/\/msaric.mojweb.com.hr\/#\/schema\/logo\/image\/"}}]}},"_links":{"self":[{"href":"https:\/\/msaric.mojweb.com.hr\/index.php?rest_route=\/wp\/v2\/pages\/71","targetHints":{"allow":["GET"]}}],"collection":[{"href":"https:\/\/msaric.mojweb.com.hr\/index.php?rest_route=\/wp\/v2\/pages"}],"about":[{"href":"https:\/\/msaric.mojweb.com.hr\/index.php?rest_route=\/wp\/v2\/types\/page"}],"author":[{"embeddable":true,"href":"https:\/\/msaric.mojweb.com.hr\/index.php?rest_route=\/wp\/v2\/users\/1"}],"replies":[{"embeddable":true,"href":"https:\/\/msaric.mojweb.com.hr\/index.php?rest_route=%2Fwp%2Fv2%2Fcomments&post=71"}],"version-history":[{"count":5,"href":"https:\/\/msaric.mojweb.com.hr\/index.php?rest_route=\/wp\/v2\/pages\/71\/revisions"}],"predecessor-version":[{"id":88,"href":"https:\/\/msaric.mojweb.com.hr\/index.php?rest_route=\/wp\/v2\/pages\/71\/revisions\/88"}],"wp:attachment":[{"href":"https:\/\/msaric.mojweb.com.hr\/index.php?rest_route=%2Fwp%2Fv2%2Fmedia&parent=71"}],"curies":[{"name":"wp","href":"https:\/\/api.w.org\/{rel}","templated":true}]}}