{"id":55,"date":"2026-04-01T14:02:57","date_gmt":"2026-04-01T14:02:57","guid":{"rendered":"https:\/\/msaric.mojweb.com.hr\/?page_id=55"},"modified":"2026-04-01T14:05:18","modified_gmt":"2026-04-01T14:05:18","slug":"sto-nudimo","status":"publish","type":"page","link":"https:\/\/msaric.mojweb.com.hr\/?page_id=55","title":{"rendered":"O nama"},"content":{"rendered":"\n<p>Osim Baby Op Arta tu sam za vas i za radionice i likovne sadr\u017eaje koji \u0107e dati bazu intelektualnom razvoju va\u0161eg djeteta. Kroz susret s umjetni\u010dkim djelima i povezivanje slike, rije\u010di, glazbe i znanosti \u2013 poti\u010de se govor, vizualna percepcija i kreativno mi\u0161ljenje od najranije dobi.<\/p>\n\n\n\n<blockquote class=\"wp-block-quote is-layout-flow wp-block-quote-is-layout-flow\">\n<p><em>&#8220;Moj cilj nije bojati do crte, nego dijete koje misli i stvara.&#8221;<\/em><\/p>\n<\/blockquote>\n\n\n\n<figure class=\"wp-block-image aligncenter size-full\"><img fetchpriority=\"high\" decoding=\"async\" width=\"394\" height=\"419\" src=\"https:\/\/msaric.mojweb.com.hr\/wp-content\/uploads\/2026\/04\/za-web-1mala.png\" alt=\"\" class=\"wp-image-95\" srcset=\"https:\/\/msaric.mojweb.com.hr\/wp-content\/uploads\/2026\/04\/za-web-1mala.png 394w, https:\/\/msaric.mojweb.com.hr\/wp-content\/uploads\/2026\/04\/za-web-1mala-282x300.png 282w\" sizes=\"(max-width: 394px) 100vw, 394px\" \/><\/figure>\n\n\n\n<p><\/p>\n","protected":false},"excerpt":{"rendered":"<p>Osim Baby Op Arta tu sam za vas i za radionice i likovne sadr\u017eaje koji \u0107e dati bazu intelektualnom razvoju va\u0161eg djeteta. Kroz susret s umjetni\u010dkim djelima i povezivanje slike, rije\u010di, glazbe i znanosti \u2013 poti\u010de se govor, vizualna percepcija i kreativno mi\u0161ljenje od najranije dobi. &#8220;Moj cilj nije bojati do crte, nego dijete koje [&hellip;]<\/p>\n","protected":false},"author":1,"featured_media":0,"parent":0,"menu_order":0,"comment_status":"closed","ping_status":"closed","template":"","meta":{"footnotes":""},"class_list":["post-55","page","type-page","status-publish","hentry"],"yoast_head":"<!-- This site is optimized with the Yoast SEO plugin v27.0 - https:\/\/yoast.com\/product\/yoast-seo-wordpress\/ -->\n<title>O nama - be smART with ART<\/title>\n<meta name=\"robots\" content=\"index, follow, max-snippet:-1, max-image-preview:large, max-video-preview:-1\" \/>\n<link rel=\"canonical\" href=\"https:\/\/msaric.mojweb.com.hr\/?page_id=55\" \/>\n<meta property=\"og:locale\" content=\"en_US\" \/>\n<meta property=\"og:type\" content=\"article\" \/>\n<meta property=\"og:title\" content=\"O nama - be smART with ART\" \/>\n<meta property=\"og:description\" content=\"Osim Baby Op Arta tu sam za vas i za radionice i likovne sadr\u017eaje koji \u0107e dati bazu intelektualnom razvoju va\u0161eg djeteta. Kroz susret s umjetni\u010dkim djelima i povezivanje slike, rije\u010di, glazbe i znanosti \u2013 poti\u010de se govor, vizualna percepcija i kreativno mi\u0161ljenje od najranije dobi. &#8220;Moj cilj nije bojati do crte, nego dijete koje [&hellip;]\" \/>\n<meta property=\"og:url\" content=\"https:\/\/msaric.mojweb.com.hr\/?page_id=55\" \/>\n<meta property=\"og:site_name\" content=\"be smART with ART\" \/>\n<meta property=\"article:modified_time\" content=\"2026-04-01T14:05:18+00:00\" \/>\n<meta property=\"og:image\" content=\"https:\/\/msaric.mojweb.com.hr\/wp-content\/uploads\/2026\/04\/za-web-1mala.png\" \/>\n\t<meta property=\"og:image:width\" content=\"394\" \/>\n\t<meta property=\"og:image:height\" content=\"419\" \/>\n\t<meta property=\"og:image:type\" content=\"image\/png\" \/>\n<meta name=\"twitter:card\" content=\"summary_large_image\" \/>\n<meta name=\"twitter:label1\" content=\"Est. reading time\" \/>\n\t<meta name=\"twitter:data1\" content=\"1 minute\" \/>\n<script type=\"application\/ld+json\" class=\"yoast-schema-graph\">{\"@context\":\"https:\/\/schema.org\",\"@graph\":[{\"@type\":\"WebPage\",\"@id\":\"https:\/\/msaric.mojweb.com.hr\/?page_id=55\",\"url\":\"https:\/\/msaric.mojweb.com.hr\/?page_id=55\",\"name\":\"O nama - be smART with ART\",\"isPartOf\":{\"@id\":\"https:\/\/msaric.mojweb.com.hr\/#website\"},\"primaryImageOfPage\":{\"@id\":\"https:\/\/msaric.mojweb.com.hr\/?page_id=55#primaryimage\"},\"image\":{\"@id\":\"https:\/\/msaric.mojweb.com.hr\/?page_id=55#primaryimage\"},\"thumbnailUrl\":\"https:\/\/msaric.mojweb.com.hr\/wp-content\/uploads\/2026\/04\/za-web-1mala.png\",\"datePublished\":\"2026-04-01T14:02:57+00:00\",\"dateModified\":\"2026-04-01T14:05:18+00:00\",\"breadcrumb\":{\"@id\":\"https:\/\/msaric.mojweb.com.hr\/?page_id=55#breadcrumb\"},\"inLanguage\":\"en-US\",\"potentialAction\":[{\"@type\":\"ReadAction\",\"target\":[\"https:\/\/msaric.mojweb.com.hr\/?page_id=55\"]}]},{\"@type\":\"ImageObject\",\"inLanguage\":\"en-US\",\"@id\":\"https:\/\/msaric.mojweb.com.hr\/?page_id=55#primaryimage\",\"url\":\"https:\/\/msaric.mojweb.com.hr\/wp-content\/uploads\/2026\/04\/za-web-1mala.png\",\"contentUrl\":\"https:\/\/msaric.mojweb.com.hr\/wp-content\/uploads\/2026\/04\/za-web-1mala.png\",\"width\":394,\"height\":419},{\"@type\":\"BreadcrumbList\",\"@id\":\"https:\/\/msaric.mojweb.com.hr\/?page_id=55#breadcrumb\",\"itemListElement\":[{\"@type\":\"ListItem\",\"position\":1,\"name\":\"Home\",\"item\":\"https:\/\/msaric.mojweb.com.hr\/\"},{\"@type\":\"ListItem\",\"position\":2,\"name\":\"O nama\"}]},{\"@type\":\"WebSite\",\"@id\":\"https:\/\/msaric.mojweb.com.hr\/#website\",\"url\":\"https:\/\/msaric.mojweb.com.hr\/\",\"name\":\"be smART with ART\",\"description\":\"\",\"publisher\":{\"@id\":\"https:\/\/msaric.mojweb.com.hr\/#organization\"},\"potentialAction\":[{\"@type\":\"SearchAction\",\"target\":{\"@type\":\"EntryPoint\",\"urlTemplate\":\"https:\/\/msaric.mojweb.com.hr\/?s={search_term_string}\"},\"query-input\":{\"@type\":\"PropertyValueSpecification\",\"valueRequired\":true,\"valueName\":\"search_term_string\"}}],\"inLanguage\":\"en-US\"},{\"@type\":\"Organization\",\"@id\":\"https:\/\/msaric.mojweb.com.hr\/#organization\",\"name\":\"be smART with ART\",\"url\":\"https:\/\/msaric.mojweb.com.hr\/\",\"logo\":{\"@type\":\"ImageObject\",\"inLanguage\":\"en-US\",\"@id\":\"https:\/\/msaric.mojweb.com.hr\/#\/schema\/logo\/image\/\",\"url\":\"https:\/\/msaric.mojweb.com.hr\/wp-content\/uploads\/2026\/02\/pcelica-copy-1.png\",\"contentUrl\":\"https:\/\/msaric.mojweb.com.hr\/wp-content\/uploads\/2026\/02\/pcelica-copy-1.png\",\"width\":864,\"height\":1120,\"caption\":\"be smART with ART\"},\"image\":{\"@id\":\"https:\/\/msaric.mojweb.com.hr\/#\/schema\/logo\/image\/\"}}]}<\/script>\n<!-- \/ Yoast SEO plugin. -->","yoast_head_json":{"title":"O nama - be smART with ART","robots":{"index":"index","follow":"follow","max-snippet":"max-snippet:-1","max-image-preview":"max-image-preview:large","max-video-preview":"max-video-preview:-1"},"canonical":"https:\/\/msaric.mojweb.com.hr\/?page_id=55","og_locale":"en_US","og_type":"article","og_title":"O nama - be smART with ART","og_description":"Osim Baby Op Arta tu sam za vas i za radionice i likovne sadr\u017eaje koji \u0107e dati bazu intelektualnom razvoju va\u0161eg djeteta. Kroz susret s umjetni\u010dkim djelima i povezivanje slike, rije\u010di, glazbe i znanosti \u2013 poti\u010de se govor, vizualna percepcija i kreativno mi\u0161ljenje od najranije dobi. &#8220;Moj cilj nije bojati do crte, nego dijete koje [&hellip;]","og_url":"https:\/\/msaric.mojweb.com.hr\/?page_id=55","og_site_name":"be smART with ART","article_modified_time":"2026-04-01T14:05:18+00:00","og_image":[{"width":394,"height":419,"url":"https:\/\/msaric.mojweb.com.hr\/wp-content\/uploads\/2026\/04\/za-web-1mala.png","type":"image\/png"}],"twitter_card":"summary_large_image","twitter_misc":{"Est. reading time":"1 minute"},"schema":{"@context":"https:\/\/schema.org","@graph":[{"@type":"WebPage","@id":"https:\/\/msaric.mojweb.com.hr\/?page_id=55","url":"https:\/\/msaric.mojweb.com.hr\/?page_id=55","name":"O nama - be smART with ART","isPartOf":{"@id":"https:\/\/msaric.mojweb.com.hr\/#website"},"primaryImageOfPage":{"@id":"https:\/\/msaric.mojweb.com.hr\/?page_id=55#primaryimage"},"image":{"@id":"https:\/\/msaric.mojweb.com.hr\/?page_id=55#primaryimage"},"thumbnailUrl":"https:\/\/msaric.mojweb.com.hr\/wp-content\/uploads\/2026\/04\/za-web-1mala.png","datePublished":"2026-04-01T14:02:57+00:00","dateModified":"2026-04-01T14:05:18+00:00","breadcrumb":{"@id":"https:\/\/msaric.mojweb.com.hr\/?page_id=55#breadcrumb"},"inLanguage":"en-US","potentialAction":[{"@type":"ReadAction","target":["https:\/\/msaric.mojweb.com.hr\/?page_id=55"]}]},{"@type":"ImageObject","inLanguage":"en-US","@id":"https:\/\/msaric.mojweb.com.hr\/?page_id=55#primaryimage","url":"https:\/\/msaric.mojweb.com.hr\/wp-content\/uploads\/2026\/04\/za-web-1mala.png","contentUrl":"https:\/\/msaric.mojweb.com.hr\/wp-content\/uploads\/2026\/04\/za-web-1mala.png","width":394,"height":419},{"@type":"BreadcrumbList","@id":"https:\/\/msaric.mojweb.com.hr\/?page_id=55#breadcrumb","itemListElement":[{"@type":"ListItem","position":1,"name":"Home","item":"https:\/\/msaric.mojweb.com.hr\/"},{"@type":"ListItem","position":2,"name":"O nama"}]},{"@type":"WebSite","@id":"https:\/\/msaric.mojweb.com.hr\/#website","url":"https:\/\/msaric.mojweb.com.hr\/","name":"be smART with ART","description":"","publisher":{"@id":"https:\/\/msaric.mojweb.com.hr\/#organization"},"potentialAction":[{"@type":"SearchAction","target":{"@type":"EntryPoint","urlTemplate":"https:\/\/msaric.mojweb.com.hr\/?s={search_term_string}"},"query-input":{"@type":"PropertyValueSpecification","valueRequired":true,"valueName":"search_term_string"}}],"inLanguage":"en-US"},{"@type":"Organization","@id":"https:\/\/msaric.mojweb.com.hr\/#organization","name":"be smART with ART","url":"https:\/\/msaric.mojweb.com.hr\/","logo":{"@type":"ImageObject","inLanguage":"en-US","@id":"https:\/\/msaric.mojweb.com.hr\/#\/schema\/logo\/image\/","url":"https:\/\/msaric.mojweb.com.hr\/wp-content\/uploads\/2026\/02\/pcelica-copy-1.png","contentUrl":"https:\/\/msaric.mojweb.com.hr\/wp-content\/uploads\/2026\/02\/pcelica-copy-1.png","width":864,"height":1120,"caption":"be smART with ART"},"image":{"@id":"https:\/\/msaric.mojweb.com.hr\/#\/schema\/logo\/image\/"}}]}},"_links":{"self":[{"href":"https:\/\/msaric.mojweb.com.hr\/index.php?rest_route=\/wp\/v2\/pages\/55","targetHints":{"allow":["GET"]}}],"collection":[{"href":"https:\/\/msaric.mojweb.com.hr\/index.php?rest_route=\/wp\/v2\/pages"}],"about":[{"href":"https:\/\/msaric.mojweb.com.hr\/index.php?rest_route=\/wp\/v2\/types\/page"}],"author":[{"embeddable":true,"href":"https:\/\/msaric.mojweb.com.hr\/index.php?rest_route=\/wp\/v2\/users\/1"}],"replies":[{"embeddable":true,"href":"https:\/\/msaric.mojweb.com.hr\/index.php?rest_route=%2Fwp%2Fv2%2Fcomments&post=55"}],"version-history":[{"count":4,"href":"https:\/\/msaric.mojweb.com.hr\/index.php?rest_route=\/wp\/v2\/pages\/55\/revisions"}],"predecessor-version":[{"id":98,"href":"https:\/\/msaric.mojweb.com.hr\/index.php?rest_route=\/wp\/v2\/pages\/55\/revisions\/98"}],"wp:attachment":[{"href":"https:\/\/msaric.mojweb.com.hr\/index.php?rest_route=%2Fwp%2Fv2%2Fmedia&parent=55"}],"curies":[{"name":"wp","href":"https:\/\/api.w.org\/{rel}","templated":true}]}}