{"id":22,"date":"2026-02-25T20:06:22","date_gmt":"2026-02-25T20:06:22","guid":{"rendered":"https:\/\/msaric.mojweb.com.hr\/?page_id=22"},"modified":"2026-02-25T20:09:48","modified_gmt":"2026-02-25T20:09:48","slug":"individualne-radionice","status":"publish","type":"page","link":"https:\/\/msaric.mojweb.com.hr\/?page_id=22","title":{"rendered":"Individualne radionice"},"content":{"rendered":"\n\n\n<div class=\"wp-block-group alignfull is-content-justification-center is-nowrap is-layout-flex wp-container-core-group-is-layout-23441af8 wp-block-group-is-layout-flex\">\n<div class=\"wp-block-group has-global-padding is-layout-constrained wp-block-group-is-layout-constrained\">\n<ul class=\"wp-block-social-links is-style-logos-only is-content-justification-right is-layout-flex wp-container-core-social-links-is-layout-d445cf74 wp-block-social-links-is-layout-flex\">\n\n\n\n<\/ul>\n\n\n\n<p class=\"has-text-align-left\">Kroz susret s umjetni\u010dkim djelima i povezivanje slike, rije\u010di, glazbe i znanosti poti\u010dem govor, vizualnu percepciju i kreativno mi\u0161ljenje od najranije dobi.<\/p>\n\n\n\n<p>Edukativna specifi\u010dnost ovih likovnih radionica je da na temelju konkretnih umjetni\u010dkih djela  povezujemo likovnu umjetnost s drugim umjetni\u010dkim i znanstvenim disciplinama s ciljem poticaja razvoja kreativnog mi\u0161ljenja i osnova vizualnog odgoja.<\/p>\n<\/div>\n\n\n\n<figure class=\"wp-block-video wp-container-content-5f80b302\"><video height=\"478\" style=\"aspect-ratio: 848 \/ 478;\" width=\"848\" controls src=\"https:\/\/msaric.mojweb.com.hr\/wp-content\/uploads\/2026\/02\/tinyvid-croped-1.mp4\"><\/video><figcaption class=\"wp-element-caption\">Istra\u017eivanje kao temelj radionica<\/figcaption><\/figure>\n<\/div>\n\n\n\n<div class=\"wp-block-columns is-layout-flex wp-container-core-columns-is-layout-28f84493 wp-block-columns-is-layout-flex\">\n<div class=\"wp-block-column is-layout-flow wp-block-column-is-layout-flow\" style=\"flex-basis:100%\">\n<div class=\"wp-block-group is-layout-grid wp-container-core-group-is-layout-478b6e6b wp-block-group-is-layout-grid\"><\/div>\n<\/div>\n<\/div>\n\n\n\n<p><\/p>\n","protected":false},"excerpt":{"rendered":"<p>Kroz susret s umjetni\u010dkim djelima i povezivanje slike, rije\u010di, glazbe i znanosti poti\u010dem govor, vizualnu percepciju i kreativno mi\u0161ljenje od najranije dobi. Edukativna specifi\u010dnost ovih likovnih radionica je da na temelju konkretnih umjetni\u010dkih djela povezujemo likovnu umjetnost s drugim umjetni\u010dkim i znanstvenim disciplinama s ciljem poticaja razvoja kreativnog mi\u0161ljenja i osnova vizualnog odgoja.<\/p>\n","protected":false},"author":1,"featured_media":0,"parent":0,"menu_order":1,"comment_status":"closed","ping_status":"closed","template":"","meta":{"footnotes":""},"class_list":["post-22","page","type-page","status-publish","hentry"],"yoast_head":"<!-- This site is optimized with the Yoast SEO plugin v27.0 - https:\/\/yoast.com\/product\/yoast-seo-wordpress\/ -->\n<title>Individualne radionice - be smART with ART<\/title>\n<meta name=\"robots\" content=\"index, follow, max-snippet:-1, max-image-preview:large, max-video-preview:-1\" \/>\n<link rel=\"canonical\" href=\"https:\/\/msaric.mojweb.com.hr\/?page_id=22\" \/>\n<meta property=\"og:locale\" content=\"en_US\" \/>\n<meta property=\"og:type\" content=\"article\" \/>\n<meta property=\"og:title\" content=\"Individualne radionice - be smART with ART\" \/>\n<meta property=\"og:description\" content=\"Kroz susret s umjetni\u010dkim djelima i povezivanje slike, rije\u010di, glazbe i znanosti poti\u010dem govor, vizualnu percepciju i kreativno mi\u0161ljenje od najranije dobi. Edukativna specifi\u010dnost ovih likovnih radionica je da na temelju konkretnih umjetni\u010dkih djela povezujemo likovnu umjetnost s drugim umjetni\u010dkim i znanstvenim disciplinama s ciljem poticaja razvoja kreativnog mi\u0161ljenja i osnova vizualnog odgoja.\" \/>\n<meta property=\"og:url\" content=\"https:\/\/msaric.mojweb.com.hr\/?page_id=22\" \/>\n<meta property=\"og:site_name\" content=\"be smART with ART\" \/>\n<meta property=\"article:modified_time\" content=\"2026-02-25T20:09:48+00:00\" \/>\n<meta name=\"twitter:card\" content=\"summary_large_image\" \/>\n<script type=\"application\/ld+json\" class=\"yoast-schema-graph\">{\"@context\":\"https:\/\/schema.org\",\"@graph\":[{\"@type\":\"WebPage\",\"@id\":\"https:\/\/msaric.mojweb.com.hr\/?page_id=22\",\"url\":\"https:\/\/msaric.mojweb.com.hr\/?page_id=22\",\"name\":\"Individualne radionice - be smART with ART\",\"isPartOf\":{\"@id\":\"https:\/\/msaric.mojweb.com.hr\/#website\"},\"datePublished\":\"2026-02-25T20:06:22+00:00\",\"dateModified\":\"2026-02-25T20:09:48+00:00\",\"breadcrumb\":{\"@id\":\"https:\/\/msaric.mojweb.com.hr\/?page_id=22#breadcrumb\"},\"inLanguage\":\"en-US\",\"potentialAction\":[{\"@type\":\"ReadAction\",\"target\":[\"https:\/\/msaric.mojweb.com.hr\/?page_id=22\"]}]},{\"@type\":\"BreadcrumbList\",\"@id\":\"https:\/\/msaric.mojweb.com.hr\/?page_id=22#breadcrumb\",\"itemListElement\":[{\"@type\":\"ListItem\",\"position\":1,\"name\":\"Home\",\"item\":\"https:\/\/msaric.mojweb.com.hr\/\"},{\"@type\":\"ListItem\",\"position\":2,\"name\":\"Individualne radionice\"}]},{\"@type\":\"WebSite\",\"@id\":\"https:\/\/msaric.mojweb.com.hr\/#website\",\"url\":\"https:\/\/msaric.mojweb.com.hr\/\",\"name\":\"be smART with ART\",\"description\":\"\",\"publisher\":{\"@id\":\"https:\/\/msaric.mojweb.com.hr\/#organization\"},\"potentialAction\":[{\"@type\":\"SearchAction\",\"target\":{\"@type\":\"EntryPoint\",\"urlTemplate\":\"https:\/\/msaric.mojweb.com.hr\/?s={search_term_string}\"},\"query-input\":{\"@type\":\"PropertyValueSpecification\",\"valueRequired\":true,\"valueName\":\"search_term_string\"}}],\"inLanguage\":\"en-US\"},{\"@type\":\"Organization\",\"@id\":\"https:\/\/msaric.mojweb.com.hr\/#organization\",\"name\":\"be smART with ART\",\"url\":\"https:\/\/msaric.mojweb.com.hr\/\",\"logo\":{\"@type\":\"ImageObject\",\"inLanguage\":\"en-US\",\"@id\":\"https:\/\/msaric.mojweb.com.hr\/#\/schema\/logo\/image\/\",\"url\":\"https:\/\/msaric.mojweb.com.hr\/wp-content\/uploads\/2026\/02\/pcelica-copy-1.png\",\"contentUrl\":\"https:\/\/msaric.mojweb.com.hr\/wp-content\/uploads\/2026\/02\/pcelica-copy-1.png\",\"width\":864,\"height\":1120,\"caption\":\"be smART with ART\"},\"image\":{\"@id\":\"https:\/\/msaric.mojweb.com.hr\/#\/schema\/logo\/image\/\"}}]}<\/script>\n<!-- \/ Yoast SEO plugin. -->","yoast_head_json":{"title":"Individualne radionice - be smART with ART","robots":{"index":"index","follow":"follow","max-snippet":"max-snippet:-1","max-image-preview":"max-image-preview:large","max-video-preview":"max-video-preview:-1"},"canonical":"https:\/\/msaric.mojweb.com.hr\/?page_id=22","og_locale":"en_US","og_type":"article","og_title":"Individualne radionice - be smART with ART","og_description":"Kroz susret s umjetni\u010dkim djelima i povezivanje slike, rije\u010di, glazbe i znanosti poti\u010dem govor, vizualnu percepciju i kreativno mi\u0161ljenje od najranije dobi. Edukativna specifi\u010dnost ovih likovnih radionica je da na temelju konkretnih umjetni\u010dkih djela povezujemo likovnu umjetnost s drugim umjetni\u010dkim i znanstvenim disciplinama s ciljem poticaja razvoja kreativnog mi\u0161ljenja i osnova vizualnog odgoja.","og_url":"https:\/\/msaric.mojweb.com.hr\/?page_id=22","og_site_name":"be smART with ART","article_modified_time":"2026-02-25T20:09:48+00:00","twitter_card":"summary_large_image","schema":{"@context":"https:\/\/schema.org","@graph":[{"@type":"WebPage","@id":"https:\/\/msaric.mojweb.com.hr\/?page_id=22","url":"https:\/\/msaric.mojweb.com.hr\/?page_id=22","name":"Individualne radionice - be smART with ART","isPartOf":{"@id":"https:\/\/msaric.mojweb.com.hr\/#website"},"datePublished":"2026-02-25T20:06:22+00:00","dateModified":"2026-02-25T20:09:48+00:00","breadcrumb":{"@id":"https:\/\/msaric.mojweb.com.hr\/?page_id=22#breadcrumb"},"inLanguage":"en-US","potentialAction":[{"@type":"ReadAction","target":["https:\/\/msaric.mojweb.com.hr\/?page_id=22"]}]},{"@type":"BreadcrumbList","@id":"https:\/\/msaric.mojweb.com.hr\/?page_id=22#breadcrumb","itemListElement":[{"@type":"ListItem","position":1,"name":"Home","item":"https:\/\/msaric.mojweb.com.hr\/"},{"@type":"ListItem","position":2,"name":"Individualne radionice"}]},{"@type":"WebSite","@id":"https:\/\/msaric.mojweb.com.hr\/#website","url":"https:\/\/msaric.mojweb.com.hr\/","name":"be smART with ART","description":"","publisher":{"@id":"https:\/\/msaric.mojweb.com.hr\/#organization"},"potentialAction":[{"@type":"SearchAction","target":{"@type":"EntryPoint","urlTemplate":"https:\/\/msaric.mojweb.com.hr\/?s={search_term_string}"},"query-input":{"@type":"PropertyValueSpecification","valueRequired":true,"valueName":"search_term_string"}}],"inLanguage":"en-US"},{"@type":"Organization","@id":"https:\/\/msaric.mojweb.com.hr\/#organization","name":"be smART with ART","url":"https:\/\/msaric.mojweb.com.hr\/","logo":{"@type":"ImageObject","inLanguage":"en-US","@id":"https:\/\/msaric.mojweb.com.hr\/#\/schema\/logo\/image\/","url":"https:\/\/msaric.mojweb.com.hr\/wp-content\/uploads\/2026\/02\/pcelica-copy-1.png","contentUrl":"https:\/\/msaric.mojweb.com.hr\/wp-content\/uploads\/2026\/02\/pcelica-copy-1.png","width":864,"height":1120,"caption":"be smART with ART"},"image":{"@id":"https:\/\/msaric.mojweb.com.hr\/#\/schema\/logo\/image\/"}}]}},"_links":{"self":[{"href":"https:\/\/msaric.mojweb.com.hr\/index.php?rest_route=\/wp\/v2\/pages\/22","targetHints":{"allow":["GET"]}}],"collection":[{"href":"https:\/\/msaric.mojweb.com.hr\/index.php?rest_route=\/wp\/v2\/pages"}],"about":[{"href":"https:\/\/msaric.mojweb.com.hr\/index.php?rest_route=\/wp\/v2\/types\/page"}],"author":[{"embeddable":true,"href":"https:\/\/msaric.mojweb.com.hr\/index.php?rest_route=\/wp\/v2\/users\/1"}],"replies":[{"embeddable":true,"href":"https:\/\/msaric.mojweb.com.hr\/index.php?rest_route=%2Fwp%2Fv2%2Fcomments&post=22"}],"version-history":[{"count":5,"href":"https:\/\/msaric.mojweb.com.hr\/index.php?rest_route=\/wp\/v2\/pages\/22\/revisions"}],"predecessor-version":[{"id":57,"href":"https:\/\/msaric.mojweb.com.hr\/index.php?rest_route=\/wp\/v2\/pages\/22\/revisions\/57"}],"wp:attachment":[{"href":"https:\/\/msaric.mojweb.com.hr\/index.php?rest_route=%2Fwp%2Fv2%2Fmedia&parent=22"}],"curies":[{"name":"wp","href":"https:\/\/api.w.org\/{rel}","templated":true}]}}